{"id":1895,"date":"2021-03-12T07:15:42","date_gmt":"2021-03-12T07:15:42","guid":{"rendered":"https:\/\/www.epario.net\/?page_id=1895"},"modified":"2023-12-21T12:49:02","modified_gmt":"2023-12-21T12:49:02","slug":"besondere-angebote","status":"publish","type":"page","link":"https:\/\/www.epario.net\/de\/besondere-angebote\/","title":{"rendered":"BESONDERE ANGEBOTE"},"content":{"rendered":"<p><span class=\"ng-directive ng-binding\">Planen Sie ihren n\u00e4chsten Urlaub sorglos, denn wir bieten Ihnen eine kostenlose Stornierung und flexible Reisebedingungen.<br \/>\nWir legen gro\u00dfen Wert auf Einzigartigkeit und Wiedererkennbarkeit durch ma\u00dfgeschneiderte Gastfreundlichkeit in einem einzigartigen und authentischen Ambiente.<\/span><\/p>\n\r\n<div class=\"row\">\r\n\t<div class=\"col-sm-6\">\r\n\t\t<p style=\"text-align: center; white-space:nowrap;\">\t\t<a\t\tclass=\"sg-show-popup sgpb-popup-id-1933\"\n\t\tdata-sgpbpopupid=\"1933\"\n\t\tdata-popup-event=\"click\"\n\t\t>\n\t\tENTSPANNTER URLAUB MIT ENTSPANNTEN PREISEN\t\t<\/a>\n\t\t<\/p><p>Nutzen Sie das beste Angebot und buchen Sie noch heute Ihren Aufenthalt in unserem Hotel!<\/p>\t<\/div>\r\n\t<div class=\"col-sm-6\">\r\n\t\t<p style=\"text-align: center;\">\t\t<a\t\tclass=\"sg-show-popup sgpb-popup-id-1937\"\n\t\tdata-sgpbpopupid=\"1937\"\n\t\tdata-popup-event=\"click\"\n\t\t>\n\t\tLONG STAY RABATT\t\t<\/a>\n\t\t<\/p><p>Belohnen Sie sich und buchen Ihren lang verdienten Urlaub zu den bisher g\u00fcnstigsten Konditionen!<\/p>\t<\/div>\r\n<\/div>\n<p style=\"text-align: center;\">\t\t<a\t\tclass=\"sg-show-popup sgpb-popup-id-1939\"\n\t\tdata-sgpbpopupid=\"1939\"\n\t\tdata-popup-event=\"click\"\n\t\t>\n\t\tFLEXIBLE STORNIERUNGSBEDINGUNGEN\t\t<\/a>\n\t\t<\/p>\n<p style=\"text-align: center;\">Wir passen die Gesch\u00e4ftspolitik und Die Stornierung von Unterk\u00fcnften weiter an und bieten<br \/>\nmaximale Flexibilit\u00e4t bei der \u00c4nderung des Datums, da Sie an erster Stelle f\u00fcr uns stehen!<\/p>\n","protected":false},"excerpt":{"rendered":"<p>Planen Sie ihren n\u00e4chsten Urlaub sorglos, denn wir bieten Ihnen eine kostenlose Stornierung und flexible Reisebedingungen. Wir legen gro\u00dfen Wert auf Einzigartigkeit und Wiedererkennbarkeit durch ma\u00dfgeschneiderte Gastfreundlichkeit in einem einzigartigen und authentischen Ambiente. ENTSPANNTER URLAUB MIT ENTSPANNTEN PREISEN Nutzen Sie das beste Angebot und buchen Sie noch heute Ihren Aufenthalt in unserem Hotel! LONG STAY&#8230;<\/p>\n","protected":false},"author":1,"featured_media":0,"parent":0,"menu_order":0,"comment_status":"closed","ping_status":"closed","template":"template-background-segments.php","meta":{"footnotes":""},"_links":{"self":[{"href":"https:\/\/www.epario.net\/de\/wp-json\/wp\/v2\/pages\/1895\/"}],"collection":[{"href":"https:\/\/www.epario.net\/de\/wp-json\/wp\/v2\/pages\/"}],"about":[{"href":"https:\/\/www.epario.net\/de\/wp-json\/wp\/v2\/types\/page\/"}],"author":[{"embeddable":true,"href":"https:\/\/www.epario.net\/de\/wp-json\/wp\/v2\/users\/1\/"}],"replies":[{"embeddable":true,"href":"https:\/\/www.epario.net\/de\/wp-json\/wp\/v2\/comments\/?post=1895"}],"version-history":[{"count":10,"href":"https:\/\/www.epario.net\/de\/wp-json\/wp\/v2\/pages\/1895\/revisions\/"}],"predecessor-version":[{"id":2059,"href":"https:\/\/www.epario.net\/de\/wp-json\/wp\/v2\/pages\/1895\/revisions\/2059\/"}],"wp:attachment":[{"href":"https:\/\/www.epario.net\/de\/wp-json\/wp\/v2\/media\/?parent=1895"}],"curies":[{"name":"wp","href":"https:\/\/api.w.org\/{rel}","templated":true}]}}