{"id":1450,"date":"2017-03-21T13:03:20","date_gmt":"2017-03-21T11:03:20","guid":{"rendered":"http:\/\/www.epario.net\/rezervacije\/"},"modified":"2025-11-20T15:56:45","modified_gmt":"2025-11-20T15:56:45","slug":"reservierungen","status":"publish","type":"page","link":"https:\/\/www.epario.net\/de\/reservierungen\/","title":{"rendered":"RESERVIERUNGEN"},"content":{"rendered":"<p>[vc_row][vc_column][vc_column_text]<span class=\"ng-directive ng-binding\">Sie finden nur die besten Preise und Angebote auf unserer offiziellen Website. Die direkte Buchung \u00fcber unser Kontaktformular garantiert Ihnen den besten Preis und die besten Bedingungen!<\/span><\/p>\n<div class=\"row\">\r\n\t<div class=\"col-sm-6\">\r\n\t\t<ul><li>VERSCHIEDENES BUFFET-FR\u00dcHST\u00dcCK<\/li><li>REICHES ABENDESSEN<\/li><li>PARKPLATZ IHRES PERSONENWAGENS<\/li><\/ul>\t<\/div>\r\n\t<div class=\"col-sm-6\">\r\n\t\t<ul><li>&nbsp;WIFI IN ALLEN HOTELR\u00c4UMEN<\/li><li>&nbsp;BENUTZEN SIE DAS FITNESS CENTER UND DAS SPIELZIMMER<\/li><li>&nbsp;PREIS OHNE ABENDESSEN: - 12 \u20ac PRO PERSON \/ TAG<\/li><\/ul>\t<\/div>\r\n<\/div>\r\n<div class=\"row\">\r\n\t<div class=\"col-sm-6\">\r\n\t\t<p style=\"text-align: center;\">\t\t<a\t\tclass=\"sg-show-popup sgpb-popup-id-30\"\n\t\tdata-sgpbpopupid=\"30\"\n\t\tdata-popup-event=\"click\"\n\t\t>\n\t\tERSUCHEN SIE EIN ANGEBOT\t\t<\/a>\n\t\t<\/p>\t<\/div>\r\n\t<div class=\"col-sm-6\">\r\n\t\t<p style=\"text-align: center;\">\t\t<a\t\tclass=\"sg-show-popup sgpb-popup-id-31\"\n\t\tdata-sgpbpopupid=\"31\"\n\t\tdata-popup-event=\"click\"\n\t\t>\n\t\tPREISLISTE\t\t<\/a>\n\t\t<\/p>\t<\/div>\r\n<\/div><span class=\"ng-directive ng-binding\">*Das Hotelmanagement beh\u00e4lt sich das Recht vor, Preise ohne vorherige Ank\u00fcndigung zu \u00e4ndern.<\/span><\/p>\n<p>&nbsp;[\/vc_column_text][\/vc_column][\/vc_row]<\/p>\n","protected":false},"excerpt":{"rendered":"<p>[vc_row][vc_column][vc_column_text]Sie finden nur die besten Preise und Angebote auf unserer offiziellen Website. Die direkte Buchung \u00fcber unser Kontaktformular garantiert Ihnen den besten Preis und die besten Bedingungen! VERSCHIEDENES BUFFET-FR\u00dcHST\u00dcCKREICHES ABENDESSENPARKPLATZ IHRES PERSONENWAGENS &nbsp;WIFI IN ALLEN HOTELR\u00c4UMEN&nbsp;BENUTZEN SIE DAS FITNESS CENTER UND DAS SPIELZIMMER&nbsp;PREIS OHNE ABENDESSEN: &#8211; 12 \u20ac PRO PERSON \/ TAG ERSUCHEN SIE EIN&#8230;<\/p>\n","protected":false},"author":1,"featured_media":0,"parent":0,"menu_order":0,"comment_status":"closed","ping_status":"closed","template":"template-background-segments.php","meta":{"footnotes":""},"_links":{"self":[{"href":"https:\/\/www.epario.net\/de\/wp-json\/wp\/v2\/pages\/1450\/"}],"collection":[{"href":"https:\/\/www.epario.net\/de\/wp-json\/wp\/v2\/pages\/"}],"about":[{"href":"https:\/\/www.epario.net\/de\/wp-json\/wp\/v2\/types\/page\/"}],"author":[{"embeddable":true,"href":"https:\/\/www.epario.net\/de\/wp-json\/wp\/v2\/users\/1\/"}],"replies":[{"embeddable":true,"href":"https:\/\/www.epario.net\/de\/wp-json\/wp\/v2\/comments\/?post=1450"}],"version-history":[{"count":6,"href":"https:\/\/www.epario.net\/de\/wp-json\/wp\/v2\/pages\/1450\/revisions\/"}],"predecessor-version":[{"id":2078,"href":"https:\/\/www.epario.net\/de\/wp-json\/wp\/v2\/pages\/1450\/revisions\/2078\/"}],"wp:attachment":[{"href":"https:\/\/www.epario.net\/de\/wp-json\/wp\/v2\/media\/?parent=1450"}],"curies":[{"name":"wp","href":"https:\/\/api.w.org\/{rel}","templated":true}]}}