{"id":1441,"date":"2018-07-17T10:47:43","date_gmt":"2018-07-17T10:47:43","guid":{"rendered":"http:\/\/www.epario.net\/gastronomija-hotel-epario\/"},"modified":"2018-12-14T06:53:10","modified_gmt":"2018-12-14T06:53:10","slug":"gastronomie-hotel-epario","status":"publish","type":"page","link":"https:\/\/www.epario.net\/de\/gastronomie-hotel-epario\/","title":{"rendered":"Gastronomie"},"content":{"rendered":"<p style=\"text-align: center;\">Wir sch\u00e4tzen Einfachheit und Kreativit\u00e4t, und durch saisonale Men\u00fcs bieten wir abwechslungsreiche Mahlzeiten den kulinarischen Trends entsprechend. Wir lieben hausgemachte und friche Speisen und unsere Speisekarte passt sich der Reifezeit der jeweiligen Lebensmittel an, die wir das ganze Jahr \u00fcber selbst anbauen.Auf ihrem Teller k\u00f6nnen Sie nur frisch geerntetes Gem\u00fcse, Obst, Gew\u00fcrze und andere originelle Lebensmittel kosten. Gesunde Ern\u00e4hrung h\u00e4lt unseren K\u00f6rper im Gleichgewicht. Daher m\u00f6chten wir unseren G\u00e4sten gesunde Produkte von unsch\u00e4tzbarem Wert aus unseren zahlreichen Biog\u00e4rten anbieten!<br \/>\nDas Restaurant steht den Hotelg\u00e4sten in der Halbpension zur Verf\u00fcgung.<\/p>\n<div id='gallery-1' class='gallery galleryid-1441 gallery-columns-4 gallery-size-large'><figure class='gallery-item'>\n\t\t\t<div class='gallery-icon landscape'>\n\t\t\t\t<img loading=\"lazy\" decoding=\"async\" width=\"1024\" height=\"768\" src=\"https:\/\/www.epario.net\/wp-content\/uploads\/2018\/07\/ponuda-jela-hotel-epario-1024x768.jpg\" class=\"attachment-large size-large\" alt=\"\" srcset=\"https:\/\/www.epario.net\/wp-content\/uploads\/2018\/07\/ponuda-jela-hotel-epario-1024x768.jpg 1024w, https:\/\/www.epario.net\/wp-content\/uploads\/2018\/07\/ponuda-jela-hotel-epario-300x225.jpg 300w, https:\/\/www.epario.net\/wp-content\/uploads\/2018\/07\/ponuda-jela-hotel-epario-768x576.jpg 768w, https:\/\/www.epario.net\/wp-content\/uploads\/2018\/07\/ponuda-jela-hotel-epario-700x525.jpg 700w, https:\/\/www.epario.net\/wp-content\/uploads\/2018\/07\/ponuda-jela-hotel-epario.jpg 1200w\" sizes=\"(max-width: 1024px) 100vw, 1024px\" \/>\n\t\t\t<\/div><\/figure><figure class='gallery-item'>\n\t\t\t<div class='gallery-icon landscape'>\n\t\t\t\t<img loading=\"lazy\" decoding=\"async\" width=\"1024\" height=\"768\" src=\"https:\/\/www.epario.net\/wp-content\/uploads\/2018\/07\/ponuda-hotel-epario-1024x768.jpg\" class=\"attachment-large size-large\" alt=\"\" srcset=\"https:\/\/www.epario.net\/wp-content\/uploads\/2018\/07\/ponuda-hotel-epario-1024x768.jpg 1024w, https:\/\/www.epario.net\/wp-content\/uploads\/2018\/07\/ponuda-hotel-epario-300x225.jpg 300w, https:\/\/www.epario.net\/wp-content\/uploads\/2018\/07\/ponuda-hotel-epario-768x576.jpg 768w, https:\/\/www.epario.net\/wp-content\/uploads\/2018\/07\/ponuda-hotel-epario-700x525.jpg 700w, https:\/\/www.epario.net\/wp-content\/uploads\/2018\/07\/ponuda-hotel-epario.jpg 1200w\" sizes=\"(max-width: 1024px) 100vw, 1024px\" \/>\n\t\t\t<\/div><\/figure><figure class='gallery-item'>\n\t\t\t<div class='gallery-icon landscape'>\n\t\t\t\t<img loading=\"lazy\" decoding=\"async\" width=\"1024\" height=\"768\" src=\"https:\/\/www.epario.net\/wp-content\/uploads\/2018\/07\/jela-hotel-epario-1024x768.jpg\" class=\"attachment-large size-large\" alt=\"\" srcset=\"https:\/\/www.epario.net\/wp-content\/uploads\/2018\/07\/jela-hotel-epario-1024x768.jpg 1024w, https:\/\/www.epario.net\/wp-content\/uploads\/2018\/07\/jela-hotel-epario-300x225.jpg 300w, https:\/\/www.epario.net\/wp-content\/uploads\/2018\/07\/jela-hotel-epario-768x576.jpg 768w, https:\/\/www.epario.net\/wp-content\/uploads\/2018\/07\/jela-hotel-epario-700x525.jpg 700w, https:\/\/www.epario.net\/wp-content\/uploads\/2018\/07\/jela-hotel-epario.jpg 1200w\" sizes=\"(max-width: 1024px) 100vw, 1024px\" \/>\n\t\t\t<\/div><\/figure><figure class='gallery-item'>\n\t\t\t<div class='gallery-icon landscape'>\n\t\t\t\t<img loading=\"lazy\" decoding=\"async\" width=\"1024\" height=\"768\" src=\"https:\/\/www.epario.net\/wp-content\/uploads\/2018\/07\/jelo-hotel-epario-1024x768.jpg\" class=\"attachment-large size-large\" alt=\"\" srcset=\"https:\/\/www.epario.net\/wp-content\/uploads\/2018\/07\/jelo-hotel-epario-1024x768.jpg 1024w, https:\/\/www.epario.net\/wp-content\/uploads\/2018\/07\/jelo-hotel-epario-300x225.jpg 300w, https:\/\/www.epario.net\/wp-content\/uploads\/2018\/07\/jelo-hotel-epario-768x576.jpg 768w, https:\/\/www.epario.net\/wp-content\/uploads\/2018\/07\/jelo-hotel-epario-700x525.jpg 700w, https:\/\/www.epario.net\/wp-content\/uploads\/2018\/07\/jelo-hotel-epario.jpg 1200w\" sizes=\"(max-width: 1024px) 100vw, 1024px\" \/>\n\t\t\t<\/div><\/figure><figure class='gallery-item'>\n\t\t\t<div class='gallery-icon landscape'>\n\t\t\t\t<img loading=\"lazy\" decoding=\"async\" width=\"1024\" height=\"684\" src=\"https:\/\/www.epario.net\/wp-content\/uploads\/2018\/07\/hotel-epario-restoran-1024x684.jpg\" class=\"attachment-large size-large\" alt=\"\" srcset=\"https:\/\/www.epario.net\/wp-content\/uploads\/2018\/07\/hotel-epario-restoran-1024x684.jpg 1024w, https:\/\/www.epario.net\/wp-content\/uploads\/2018\/07\/hotel-epario-restoran-300x201.jpg 300w, https:\/\/www.epario.net\/wp-content\/uploads\/2018\/07\/hotel-epario-restoran-768x513.jpg 768w, https:\/\/www.epario.net\/wp-content\/uploads\/2018\/07\/hotel-epario-restoran-700x468.jpg 700w, https:\/\/www.epario.net\/wp-content\/uploads\/2018\/07\/hotel-epario-restoran.jpg 1200w\" sizes=\"(max-width: 1024px) 100vw, 1024px\" \/>\n\t\t\t<\/div><\/figure><figure class='gallery-item'>\n\t\t\t<div class='gallery-icon landscape'>\n\t\t\t\t<img loading=\"lazy\" decoding=\"async\" width=\"1024\" height=\"673\" src=\"https:\/\/www.epario.net\/wp-content\/uploads\/2018\/07\/restoran-hotel-epario-1024x673.jpg\" class=\"attachment-large size-large\" alt=\"\" srcset=\"https:\/\/www.epario.net\/wp-content\/uploads\/2018\/07\/restoran-hotel-epario-1024x673.jpg 1024w, https:\/\/www.epario.net\/wp-content\/uploads\/2018\/07\/restoran-hotel-epario-300x197.jpg 300w, https:\/\/www.epario.net\/wp-content\/uploads\/2018\/07\/restoran-hotel-epario-768x505.jpg 768w, https:\/\/www.epario.net\/wp-content\/uploads\/2018\/07\/restoran-hotel-epario-700x460.jpg 700w, https:\/\/www.epario.net\/wp-content\/uploads\/2018\/07\/restoran-hotel-epario.jpg 1200w\" sizes=\"(max-width: 1024px) 100vw, 1024px\" \/>\n\t\t\t<\/div><\/figure><figure class='gallery-item'>\n\t\t\t<div class='gallery-icon landscape'>\n\t\t\t\t<img loading=\"lazy\" decoding=\"async\" width=\"1024\" height=\"768\" src=\"https:\/\/www.epario.net\/wp-content\/uploads\/2018\/07\/ekolo\u0161ki-uzgoj-povrca-1024x768.jpg\" class=\"attachment-large size-large\" alt=\"\" srcset=\"https:\/\/www.epario.net\/wp-content\/uploads\/2018\/07\/ekolo\u0161ki-uzgoj-povrca-1024x768.jpg 1024w, https:\/\/www.epario.net\/wp-content\/uploads\/2018\/07\/ekolo\u0161ki-uzgoj-povrca-300x225.jpg 300w, https:\/\/www.epario.net\/wp-content\/uploads\/2018\/07\/ekolo\u0161ki-uzgoj-povrca-768x576.jpg 768w, https:\/\/www.epario.net\/wp-content\/uploads\/2018\/07\/ekolo\u0161ki-uzgoj-povrca-700x525.jpg 700w, https:\/\/www.epario.net\/wp-content\/uploads\/2018\/07\/ekolo\u0161ki-uzgoj-povrca.jpg 1200w\" sizes=\"(max-width: 1024px) 100vw, 1024px\" \/>\n\t\t\t<\/div><\/figure><figure class='gallery-item'>\n\t\t\t<div class='gallery-icon landscape'>\n\t\t\t\t<img loading=\"lazy\" decoding=\"async\" width=\"1024\" height=\"683\" src=\"https:\/\/www.epario.net\/wp-content\/uploads\/2018\/07\/poljoprivreda-hotel-epario-1024x683.jpg\" class=\"attachment-large size-large\" alt=\"\" srcset=\"https:\/\/www.epario.net\/wp-content\/uploads\/2018\/07\/poljoprivreda-hotel-epario-1024x683.jpg 1024w, https:\/\/www.epario.net\/wp-content\/uploads\/2018\/07\/poljoprivreda-hotel-epario-300x200.jpg 300w, https:\/\/www.epario.net\/wp-content\/uploads\/2018\/07\/poljoprivreda-hotel-epario-768x512.jpg 768w, https:\/\/www.epario.net\/wp-content\/uploads\/2018\/07\/poljoprivreda-hotel-epario-700x467.jpg 700w, https:\/\/www.epario.net\/wp-content\/uploads\/2018\/07\/poljoprivreda-hotel-epario.jpg 1200w\" sizes=\"(max-width: 1024px) 100vw, 1024px\" \/>\n\t\t\t<\/div><\/figure>\n\t\t<\/div>\n\n","protected":false},"excerpt":{"rendered":"<p>Wir sch\u00e4tzen Einfachheit und Kreativit\u00e4t, und durch saisonale Men\u00fcs bieten wir abwechslungsreiche Mahlzeiten den kulinarischen Trends entsprechend. Wir lieben hausgemachte und friche Speisen und unsere Speisekarte passt sich der Reifezeit der jeweiligen Lebensmittel an, die wir das ganze Jahr \u00fcber selbst anbauen.Auf ihrem Teller k\u00f6nnen Sie nur frisch geerntetes Gem\u00fcse, Obst, Gew\u00fcrze und andere originelle&#8230;<\/p>\n","protected":false},"author":1,"featured_media":0,"parent":0,"menu_order":0,"comment_status":"closed","ping_status":"closed","template":"","meta":{"footnotes":""},"_links":{"self":[{"href":"https:\/\/www.epario.net\/de\/wp-json\/wp\/v2\/pages\/1441\/"}],"collection":[{"href":"https:\/\/www.epario.net\/de\/wp-json\/wp\/v2\/pages\/"}],"about":[{"href":"https:\/\/www.epario.net\/de\/wp-json\/wp\/v2\/types\/page\/"}],"author":[{"embeddable":true,"href":"https:\/\/www.epario.net\/de\/wp-json\/wp\/v2\/users\/1\/"}],"replies":[{"embeddable":true,"href":"https:\/\/www.epario.net\/de\/wp-json\/wp\/v2\/comments\/?post=1441"}],"version-history":[{"count":1,"href":"https:\/\/www.epario.net\/de\/wp-json\/wp\/v2\/pages\/1441\/revisions\/"}],"predecessor-version":[{"id":1585,"href":"https:\/\/www.epario.net\/de\/wp-json\/wp\/v2\/pages\/1441\/revisions\/1585\/"}],"wp:attachment":[{"href":"https:\/\/www.epario.net\/de\/wp-json\/wp\/v2\/media\/?parent=1441"}],"curies":[{"name":"wp","href":"https:\/\/api.w.org\/{rel}","templated":true}]}}